{"id":6816,"date":"2020-07-22T13:13:12","date_gmt":"2020-07-22T13:13:12","guid":{"rendered":"https:\/\/abcpacksolutions.com\/?page_id=6816"},"modified":"2020-11-09T10:34:03","modified_gmt":"2020-11-09T10:34:03","slug":"algemene-verkoopsvoorwaarden","status":"publish","type":"page","link":"https:\/\/abcpacksolutions.com\/fr\/algemene-verkoopsvoorwaarden\/","title":{"rendered":"Algemene Verkoopsvoorwaarden"},"content":{"rendered":"<div data-elementor-type=\"wp-page\" data-elementor-id=\"6816\" class=\"elementor elementor-6816\" data-elementor-post-type=\"page\">\n\t\t\t\t\t\t<section class=\"elementor-section elementor-top-section elementor-element elementor-element-26af51f elementor-section-content-middle elementor-section-boxed elementor-section-height-default elementor-section-height-default\" data-id=\"26af51f\" data-element_type=\"section\" data-settings=\"{&quot;jet_parallax_layout_list&quot;:[{&quot;jet_parallax_layout_image&quot;:{&quot;url&quot;:&quot;&quot;,&quot;id&quot;:&quot;&quot;,&quot;size&quot;:&quot;&quot;},&quot;_id&quot;:&quot;346775c&quot;,&quot;jet_parallax_layout_image_tablet&quot;:{&quot;url&quot;:&quot;&quot;,&quot;id&quot;:&quot;&quot;,&quot;size&quot;:&quot;&quot;},&quot;jet_parallax_layout_image_mobile&quot;:{&quot;url&quot;:&quot;&quot;,&quot;id&quot;:&quot;&quot;,&quot;size&quot;:&quot;&quot;},&quot;jet_parallax_layout_speed&quot;:{&quot;unit&quot;:&quot;%&quot;,&quot;size&quot;:50,&quot;sizes&quot;:[]},&quot;jet_parallax_layout_type&quot;:&quot;scroll&quot;,&quot;jet_parallax_layout_direction&quot;:null,&quot;jet_parallax_layout_fx_direction&quot;:null,&quot;jet_parallax_layout_z_index&quot;:&quot;&quot;,&quot;jet_parallax_layout_bg_x&quot;:50,&quot;jet_parallax_layout_bg_y&quot;:50,&quot;jet_parallax_layout_bg_size&quot;:&quot;auto&quot;,&quot;jet_parallax_layout_animation_prop&quot;:&quot;transform&quot;,&quot;jet_parallax_layout_on&quot;:[&quot;desktop&quot;,&quot;tablet&quot;],&quot;jet_parallax_layout_bg_x_tablet&quot;:&quot;&quot;,&quot;jet_parallax_layout_bg_x_mobile&quot;:&quot;&quot;,&quot;jet_parallax_layout_bg_y_tablet&quot;:&quot;&quot;,&quot;jet_parallax_layout_bg_y_mobile&quot;:&quot;&quot;,&quot;jet_parallax_layout_bg_size_tablet&quot;:&quot;&quot;,&quot;jet_parallax_layout_bg_size_mobile&quot;:&quot;&quot;}]}\">\n\t\t\t\t\t\t<div class=\"elementor-container elementor-column-gap-wider\">\n\t\t\t\t\t<div data-pafe-custom-media-query-breakpoints=\"@media (min-width:1366px) and (max-width:1499px) { [data-id=&#039;6f5a84f&#039;] {  }  [data-id=&#039;6f5a84f&#039;] &gt; .elementor-column-wrap, [data-id=&#039;6f5a84f&#039;] &gt; .elementor-widget-wrap, [data-id=&#039;6f5a84f&#039;] &gt; .elementor-widget-container { padding:0em 4em 0em 3em !important; } [data-id=&#039;6f5a84f&#039;] &gt; .elementor-column-wrap, [data-id=&#039;6f5a84f&#039;] &gt; .elementor-widget-wrap, [data-id=&#039;6f5a84f&#039;] &gt; .elementor-widget-container { margin:px px px px !important; } } \" class=\"elementor-column elementor-col-100 elementor-top-column elementor-element elementor-element-6f5a84f\" data-id=\"6f5a84f\" data-element_type=\"column\">\n\t\t\t<div class=\"elementor-widget-wrap elementor-element-populated\">\n\t\t\t\t\t\t<div class=\"elementor-element elementor-element-d5d68cb animated-fast elementor-invisible elementor-widget elementor-widget-heading\" data-id=\"d5d68cb\" data-element_type=\"widget\" data-settings=\"{&quot;_animation&quot;:&quot;fadeInDown&quot;}\" data-widget_type=\"heading.default\">\n\t\t\t\t<div class=\"elementor-widget-container\">\n\t\t\t\t\t<h2 class=\"elementor-heading-title elementor-size-default\">CONDITIONS GENERALES DE VENTE<\/h2>\t\t\t\t<\/div>\n\t\t\t\t<\/div>\n\t\t\t\t\t<\/div>\n\t\t<\/div>\n\t\t\t\t\t<\/div>\n\t\t<\/section>\n\t\t\t\t<section class=\"elementor-section elementor-top-section elementor-element elementor-element-8aaf3be elementor-section-boxed elementor-section-height-default elementor-section-height-default\" data-id=\"8aaf3be\" data-element_type=\"section\" data-settings=\"{&quot;jet_parallax_layout_list&quot;:[{&quot;jet_parallax_layout_image&quot;:{&quot;url&quot;:&quot;&quot;,&quot;id&quot;:&quot;&quot;,&quot;size&quot;:&quot;&quot;},&quot;_id&quot;:&quot;df2eee8&quot;,&quot;jet_parallax_layout_image_tablet&quot;:{&quot;url&quot;:&quot;&quot;,&quot;id&quot;:&quot;&quot;,&quot;size&quot;:&quot;&quot;},&quot;jet_parallax_layout_image_mobile&quot;:{&quot;url&quot;:&quot;&quot;,&quot;id&quot;:&quot;&quot;,&quot;size&quot;:&quot;&quot;},&quot;jet_parallax_layout_speed&quot;:{&quot;unit&quot;:&quot;%&quot;,&quot;size&quot;:50,&quot;sizes&quot;:[]},&quot;jet_parallax_layout_type&quot;:&quot;scroll&quot;,&quot;jet_parallax_layout_direction&quot;:null,&quot;jet_parallax_layout_fx_direction&quot;:null,&quot;jet_parallax_layout_z_index&quot;:&quot;&quot;,&quot;jet_parallax_layout_bg_x&quot;:50,&quot;jet_parallax_layout_bg_y&quot;:50,&quot;jet_parallax_layout_bg_size&quot;:&quot;auto&quot;,&quot;jet_parallax_layout_animation_prop&quot;:&quot;transform&quot;,&quot;jet_parallax_layout_on&quot;:[&quot;desktop&quot;,&quot;tablet&quot;],&quot;jet_parallax_layout_bg_x_tablet&quot;:&quot;&quot;,&quot;jet_parallax_layout_bg_x_mobile&quot;:&quot;&quot;,&quot;jet_parallax_layout_bg_y_tablet&quot;:&quot;&quot;,&quot;jet_parallax_layout_bg_y_mobile&quot;:&quot;&quot;,&quot;jet_parallax_layout_bg_size_tablet&quot;:&quot;&quot;,&quot;jet_parallax_layout_bg_size_mobile&quot;:&quot;&quot;}]}\">\n\t\t\t\t\t\t<div class=\"elementor-container elementor-column-gap-wide\">\n\t\t\t\t\t<div data-pafe-custom-media-query-breakpoints=\"@media (min-width:1366px) and (max-width:1499px) { [data-id=&#039;d9bc9f1&#039;] {  }  [data-id=&#039;d9bc9f1&#039;] &gt; .elementor-column-wrap, [data-id=&#039;d9bc9f1&#039;] &gt; .elementor-widget-wrap, [data-id=&#039;d9bc9f1&#039;] &gt; .elementor-widget-container { padding:0em 4em 0em 4em !important; } [data-id=&#039;d9bc9f1&#039;] &gt; .elementor-column-wrap, [data-id=&#039;d9bc9f1&#039;] &gt; .elementor-widget-wrap, [data-id=&#039;d9bc9f1&#039;] &gt; .elementor-widget-container { margin:px px px px !important; } } \" class=\"elementor-column elementor-col-100 elementor-top-column elementor-element elementor-element-d9bc9f1\" data-id=\"d9bc9f1\" data-element_type=\"column\">\n\t\t\t<div class=\"elementor-widget-wrap elementor-element-populated\">\n\t\t\t\t\t\t<div class=\"elementor-element elementor-element-02e4980 elementor-invisible elementor-widget elementor-widget-text-editor\" data-id=\"02e4980\" data-element_type=\"widget\" data-settings=\"{&quot;_animation&quot;:&quot;fadeInUp&quot;}\" data-widget_type=\"text-editor.default\">\n\t\t\t\t<div class=\"elementor-widget-container\">\n\t\t\t\t\t\t\t\t\t<ol><li>Application:<\/li><li>Les conditions reprises ci-dessous sont valables pour toutes les offres, commandes, livraisons et travaux effectu\u00e9s par notre soci\u00e9t\u00e9.<\/li><li>Ces conditions g\u00e9n\u00e9rales de vente sont cens\u00e9es \u00eatre connues par l\u2019acheteur: faute de r\u00e9action end\u00e9ans les huit jours apr\u00e8s la premi\u00e8re prise de connaissance, elles lui seront opposables et ce \u00e9galement pour toutes conventions ult\u00e9rieures. \u2028<\/li><li>Ces conditions g\u00e9n\u00e9rales de vente sont r\u00e9put\u00e9es \u00eatre admises par l\u2019acheteur m\u00eame au cas ou elles seraient en contradiction avec ses propres conditions g\u00e9n\u00e9rales ou particuli\u00e8res. \u2028<\/li><li>En cas de retard de paiement, le vendeur se r\u00e9serve le droit, sans assignation, de suspendre ses prestations qu\u2019elles d\u00e9rivent du pr\u00e9sent contrat ou de contrats ant\u00e9rieurs ou post\u00e9rieurs, et de les reprendre, sauf avis contraire, d\u00e8s r\u00e9gularisation du paiement.<\/li><li>Tout d\u00e9faut de paiement du client, m\u00eame partiel, \u00e0 l\u2019\u00e9ch\u00e9ance nous autorise de plein droit et automatiquement \u00e0 prononcer la r\u00e9solution du contrat. \u2028La notification de la r\u00e9solution pourra se faire par toute voie de droit. Les int\u00e9r\u00eats de retard pr\u00e9vus au contrat ainsi que l\u2019indemnit\u00e9 forfaitaire nous sont dus en d\u00e9pit de la r\u00e9solution de la vente.<\/li><li>La notification de cette annulation peut \u00eatre effectu\u00e9e par tout moyen judiciaire. Les int\u00e9r\u00eats de retard, ainsi que l'indemnit\u00e9 forfaitaire, nous restent dus quelle que soit l'annulation de la vente.<\/li><li>Le fait de tirer et\/ou d\u2019accepter des traites ou d\u2019autres documents n\u00e9gociables, n\u2019op\u00e8re aucune novation de cr\u00e9ance et ne d\u00e9roge pas aux conditions de vente pr\u00e9sentes.<\/li><li>Pour toutes les actions en justice ayant trait \u00e0 ces factures ou contrats, il est fait attribution de comp\u00e9tence aux Tribunaux de Gent. Le vendeur a cependant la facult\u00e9 de porter les actions en justice devant le Tribunal du domicile du d\u00e9biteur.<\/li><li>En cas d\u2019annulation de la commande, l\u2019acheteur sera tenu \u00e0 payer le co\u00fbt de d\u00e9dommagements r\u00e9sultant de la pr\u00e9paration de la commande et de la perte \u2028de b\u00e9n\u00e9fice.<\/li><li>La solidit\u00e9 des teints d\u2019encres n\u2019est pas garantie. Une diff\u00e9rence de nuance ne peut jamais justifier le refus de la marchandise ou la demande d\u2019une r\u00e9duction \u2028de prix.<\/li><li>Lors de toute fabrication et impression de sacs, housses et tout autre produit, une tol\u00e9rance de 2% de d\u00e9fectueux sera admise. 10% sur les quantit\u00e9s command\u00e9es sera toujours admise par l\u2019acheteur. Cette tol\u00e9rance est \u00e9tablie \u00e0 25% pour les commandes de moins de 10.000 pi\u00e8ces et \u2028\u00e0 35% pour les commandes de moins de 5.000 pi\u00e8ces. Les produits vendus au poids sont factur\u00e9s brut pour net.<\/li><li>Lors de toute fabrication et impression de sacs, housses et tout autre produit, une tol\u00e9rance de 2% de d\u00e9fectueux sera admise.<\/li><li>La marge autoris\u00e9 admissible en plus ou en moins de l\u2019\u00e9paisseur pour tous nos produits est de 15%, la tol\u00e9rance de longueur et de largeur jusqu'\u00e0 25 mm.<\/li><li>Toute r\u00e9clamation doit \u00eatre formul\u00e9e d\u00e8s r\u00e9ception de la marchandise livr\u00e9e. Les r\u00e9clamations doivent \u00eatre introduites par lettre recommand\u00e9e dans les huit jours suivant la r\u00e9ception de la marchandise livr\u00e9e.<\/li><li>Le non payement des factures \u00e0 \u00e9ch\u00e9ance am\u00e8ne pour l\u2019acheteur l\u2019obligation de plein droit et sans mise en demeure l\u2019obligation de payer un int\u00e9r\u00eat de retard \u2028de 8,5% sur les taux de l\u2019escompte de la Banque Nationale de Belgique avec un minimum de 8% par mois sur le montant de la facture \u00e0 compter de la date de \u2028facturation, ainsi qu\u2019un d\u00e9dommagement forfaitaire de 20% sur le montant de la facture avec un minimum de 50 Euro.<\/li><li>En commandant, le client se d\u00e9clare d\u2019accord de donner \u00e0 ABC Pack Solutions le droit d\u2019employer les marchandises livr\u00e9es par nous \u00e0 des fins publicitaires \u2028ou promotionnelles. \u2028<\/li><li>Une livraison tardive ne peut donner lieu \u00e0 une indemnit\u00e9 ni \u00e0 un refus de la marchandise.<\/li><li>Les marchandises restent la propri\u00e9t\u00e9 du vendeur jusqu'au paiement int\u00e9gral du prix. Tous les risques sont \u00e0 la charge de l'acheteur. Les avances vers\u00e9es restent au vendeur \u00e0 titre de compensation des pertes \u00e9ventuelles \u00e0 la revente.<\/li><\/ol>\t\t\t\t\t\t\t\t<\/div>\n\t\t\t\t<\/div>\n\t\t\t\t\t<\/div>\n\t\t<\/div>\n\t\t\t\t\t<\/div>\n\t\t<\/section>\n\t\t\t\t<\/div>","protected":false},"excerpt":{"rendered":"<p>ALGEMENE VERKOOPSVOORWAARDEN Toepasselijkheid : Op alle offertes, leveringen en werkzaamheden zijn de onderstaande voorwaarden van toepassing, tenzij wij ons schriftelijk uitdrukkelijk met een afwijkende\u00a0regeling akkoord verklaard hebben. Deze algemene verkoopsvoorwaarden worden verondersteld gekend te zijn door de koper : de ontstentenis van enige reactie binnen de acht dagen na de\u00a0allereerste kennisname zal de tegenstelbaarheid teweegbrengen [&hellip;]<\/p>","protected":false},"author":2,"featured_media":0,"parent":0,"menu_order":0,"comment_status":"closed","ping_status":"closed","template":"elementor_header_footer","meta":{"footnotes":""},"class_list":["post-6816","page","type-page","status-publish","hentry"],"_links":{"self":[{"href":"https:\/\/abcpacksolutions.com\/fr\/wp-json\/wp\/v2\/pages\/6816","targetHints":{"allow":["GET"]}}],"collection":[{"href":"https:\/\/abcpacksolutions.com\/fr\/wp-json\/wp\/v2\/pages"}],"about":[{"href":"https:\/\/abcpacksolutions.com\/fr\/wp-json\/wp\/v2\/types\/page"}],"author":[{"embeddable":true,"href":"https:\/\/abcpacksolutions.com\/fr\/wp-json\/wp\/v2\/users\/2"}],"replies":[{"embeddable":true,"href":"https:\/\/abcpacksolutions.com\/fr\/wp-json\/wp\/v2\/comments?post=6816"}],"version-history":[{"count":0,"href":"https:\/\/abcpacksolutions.com\/fr\/wp-json\/wp\/v2\/pages\/6816\/revisions"}],"wp:attachment":[{"href":"https:\/\/abcpacksolutions.com\/fr\/wp-json\/wp\/v2\/media?parent=6816"}],"curies":[{"name":"wp","href":"https:\/\/api.w.org\/{rel}","templated":true}]}}